{"id":462,"date":"2018-04-04T08:11:06","date_gmt":"2018-04-04T08:11:06","guid":{"rendered":"http:\/\/v1.cath-vn.ch\/?page_id=462"},"modified":"2018-09-19T10:14:18","modified_gmt":"2018-09-19T08:14:18","slug":"giao-doan","status":"publish","type":"page","link":"https:\/\/cath-vn.ch\/?page_id=462","title":{"rendered":"BHG GI\u00c1O \u0110O\u00c0N TH\u00c1NH ANT\u00d4N QU\u1ef2NH"},"content":{"rendered":"<div class=\"tmm tmm_bhg-gd-2018-2020-linh-muc\"><div class=\"tmm_3_columns tmm_wrap tmm_theme_f\"><span class=\"tmm_two_containers_tablet\"><\/span><div class=\"tmm_container\"><div class=\"tmm_member\" style=\"border-top:#ffffff solid 5px;\"><div class=\"tmm_photo tmm_pic_bhg-gd-2018-2020-linh-muc_0\" style=\"background: url(https:\/\/cath-vn.ch\/wp-content\/uploads\/2018\/06\/ChaVan_portrait.jpg); margin-left: auto; margin-right:auto; background-size:cover !important;\"><\/div><div class=\"tmm_textblock\"><div class=\"tmm_names\"><span class=\"tmm_fname\">L.M Joseph Ph\u1ea1m Minh Van<\/span> <\/div><div class=\"tmm_job\">LM T\u1ed5ng Tuy\u00ean \u00fay<\/div><div class=\"tmm_scblock\"><\/div><\/div><\/div><div class=\"tmm_member\" style=\"border-top:#ffffff solid 5px;\"><div class=\"tmm_photo tmm_pic_bhg-gd-2018-2020-linh-muc_1\" style=\"background: url(https:\/\/cath-vn.ch\/wp-content\/uploads\/2018\/06\/ChaBuu_portrait.jpg); margin-left: auto; margin-right:auto; background-size:cover !important;\"><\/div><div class=\"tmm_textblock\"><div class=\"tmm_names\"><span class=\"tmm_fname\">L.M Robert Tr\u01b0\u01a1ng Ho\u00e0ng B\u1eedu<\/span> <\/div><div class=\"tmm_job\">Th\u1eeba t\u00e1c v\u1ee5 Linh M\u1ee5c<\/div><div class=\"tmm_scblock\"><\/div><\/div><\/div><span class=\"tmm_two_containers_tablet\"><\/span><div class=\"tmm_member\" style=\"border-top:#ffffff solid 5px;\"><div class=\"tmm_photo tmm_pic_bhg-gd-2018-2020-linh-muc_2\" style=\"background: url(https:\/\/cath-vn.ch\/wp-content\/uploads\/2018\/06\/ChaThanh_portrait.jpg); margin-left: auto; margin-right:auto; background-size:cover !important;\"><\/div><div class=\"tmm_textblock\"><div class=\"tmm_names\"><span class=\"tmm_fname\">L.M Jean Ho\u00e0ng Ng\u1ecdc Thanh<\/span> <\/div><div class=\"tmm_job\">Th\u1eeba t\u00e1c v\u1ee5 Linh M\u1ee5c<\/div><div class=\"tmm_scblock\"><\/div><\/div><\/div><\/div><span class=\"tmm_columns_containers_desktop\"><\/span><div class=\"tmm_container\"><div class=\"tmm_member\" style=\"border-top:#ffffff solid 5px;\"><div class=\"tmm_photo tmm_pic_bhg-gd-2018-2020-linh-muc_3\" style=\"background: url(https:\/\/cath-vn.ch\/wp-content\/uploads\/2018\/04\/tsduyet-47c25.jpg); margin-left: auto; margin-right:auto; background-size:cover !important;\"><\/div><div class=\"tmm_textblock\"><div class=\"tmm_names\"><span class=\"tmm_fname\">Pt Francis Cung B\u1ec9nh Duy\u1ec7t<\/span> <\/div><div class=\"tmm_job\">Th\u1ea7y Ph\u00f3 T\u1ebf<\/div><div class=\"tmm_scblock\"><\/div><\/div><\/div><span class=\"tmm_two_containers_tablet\"><\/span><div class=\"tmm_member\" style=\"border-top:#ffffff solid 5px;\"><div class=\"tmm_photo tmm_pic_bhg-gd-2018-2020-linh-muc_4\" style=\"background: url(https:\/\/cath-vn.ch\/wp-content\/uploads\/2018\/04\/cuong-cad28.jpg); margin-left: auto; margin-right:auto; background-size:cover !important;\"><\/div><div class=\"tmm_textblock\"><div class=\"tmm_names\"><span class=\"tmm_fname\">Pt Pierre V\u00f5 Ti\u1ebft C\u01b0\u01a1ng<\/span> <\/div><div class=\"tmm_job\">Th\u1ea7y Ph\u00f3 T\u1ebf<\/div><div class=\"tmm_scblock\"><\/div><\/div><\/div><div style=\"clear:both;\"><\/div><\/div><\/div><\/div>\n<h3 style=\"text-align: center;\"><span style=\"color: #008080;\"><strong>Nhi\u1ec7m K\u1ef3 2018-2020<\/strong><\/span><\/h3>\n<h5 style=\"text-align: center;\"><strong>Ch\u1ee7 t\u1ecbch<\/strong><\/h5>\n<p style=\"text-align: center;\">Hu\u1ef3nh Uy\u00ean Ly<\/p>\n<h5 style=\"text-align: center;\"><strong>Ph\u00f3 ch\u1ee7 t\u1ecbch<\/strong><\/h5>\n<p style=\"text-align: center;\">Nguy\u1ec5n H\u1eefu Ngh\u0129a<\/p>\n<h5 style=\"text-align: center;\"><strong>Th\u01b0 k\u00fd<br \/>\n<\/strong><\/h5>\n<p style=\"text-align: center;\">Ph\u1ea1m Qu\u1ed1c D\u0169ng<\/p>\n<h5 style=\"text-align: center;\"><strong>Th\u1ee7 qu\u1ef9<\/strong><\/h5>\n<p style=\"text-align: center;\">Nguy\u1ec5n Th\u1ecb H\u1ea1nh<\/p>\n<p style=\"text-align: center;\">Tr\u1ea7n Th\u1ecb Tuy\u1ebft Nhung<\/p>\n<h5 style=\"text-align: center;\"><strong>Th\u00e1nh ca &amp; V\u0103n ngh\u1ec7<\/strong><\/h5>\n<p style=\"text-align: center;\">Tr\u1ea7n Ng\u1ecdc Kh\u00e1nh<\/p>\n<p style=\"text-align: center;\">Ph\u1ea1m Thanh Mai<\/p>\n<h5 style=\"text-align: center;\"><strong>Nhi\u1ebfp \u1ea3nh<\/strong><\/h5>\n<p style=\"text-align: center;\">Tr\u01b0\u01a1ng H\u00f9ng Ch\u00e1nh<\/p>\n<h5 style=\"text-align: center;\"><strong>Th\u00f4ng tin &amp; Site internet<\/strong><\/h5>\n<p style=\"text-align: center;\">Nguy\u1ec5n \u0110\u00ecnh V\u0103n Linh<\/p>\n<p style=\"text-align: center;\">&#8230;&#8230;&#8230;&#8230;&#8230;&#8230;&#8230;&#8230;&#8230;&#8230;&#8230;&#8230;&#8230;&#8230;&#8230;&#8230;&#8230;&#8230;&#8230;.<\/p>\n<h3 style=\"text-align: center;\"><a href=\"?page_id=2473\"><strong>Nhi\u1ec7m K\u1ef3 2016-2018<\/strong><\/a><\/h3>\n","protected":false},"excerpt":{"rendered":"<p>Nhi\u1ec7m K\u1ef3 2018-2020 Ch\u1ee7 t\u1ecbch Hu\u1ef3nh Uy\u00ean Ly Ph\u00f3 ch\u1ee7 t\u1ecbch Nguy\u1ec5n H\u1eefu Ngh\u0129a Th\u01b0 k\u00fd Ph\u1ea1m Qu\u1ed1c D\u0169ng Th\u1ee7 qu\u1ef9 Nguy\u1ec5n Th\u1ecb H\u1ea1nh Tr\u1ea7n Th\u1ecb Tuy\u1ebft Nhung Th\u00e1nh ca &amp; V\u0103n ngh\u1ec7 Tr\u1ea7n Ng\u1ecdc Kh\u00e1nh Ph\u1ea1m Thanh Mai Nhi\u1ebfp<\/p>\n","protected":false},"author":1,"featured_media":0,"parent":0,"menu_order":0,"comment_status":"closed","ping_status":"closed","template":"","meta":{"_et_pb_use_builder":"","_et_pb_old_content":"","_et_gb_content_width":"","footnotes":""},"class_list":["post-462","page","type-page","status-publish","hentry"],"_links":{"self":[{"href":"https:\/\/cath-vn.ch\/index.php?rest_route=\/wp\/v2\/pages\/462","targetHints":{"allow":["GET"]}}],"collection":[{"href":"https:\/\/cath-vn.ch\/index.php?rest_route=\/wp\/v2\/pages"}],"about":[{"href":"https:\/\/cath-vn.ch\/index.php?rest_route=\/wp\/v2\/types\/page"}],"author":[{"embeddable":true,"href":"https:\/\/cath-vn.ch\/index.php?rest_route=\/wp\/v2\/users\/1"}],"replies":[{"embeddable":true,"href":"https:\/\/cath-vn.ch\/index.php?rest_route=%2Fwp%2Fv2%2Fcomments&post=462"}],"version-history":[{"count":51,"href":"https:\/\/cath-vn.ch\/index.php?rest_route=\/wp\/v2\/pages\/462\/revisions"}],"predecessor-version":[{"id":794,"href":"https:\/\/cath-vn.ch\/index.php?rest_route=\/wp\/v2\/pages\/462\/revisions\/794"}],"wp:attachment":[{"href":"https:\/\/cath-vn.ch\/index.php?rest_route=%2Fwp%2Fv2%2Fmedia&parent=462"}],"curies":[{"name":"wp","href":"https:\/\/api.w.org\/{rel}","templated":true}]}}