{"id":493,"date":"2018-04-04T09:33:08","date_gmt":"2018-04-04T09:33:08","guid":{"rendered":"http:\/\/v1.cath-vn.ch\/?page_id=493"},"modified":"2018-11-29T16:46:19","modified_gmt":"2018-11-29T14:46:19","slug":"fribourg","status":"publish","type":"page","link":"https:\/\/cath-vn.ch\/?page_id=493","title":{"rendered":"BHG C\u1ed8NG \u0110O\u00c0N FRIBOURG"},"content":{"rendered":"<h3 style=\"text-align: center;\"><span style=\"color: #008080;\"><strong>Nhi\u1ec7m K\u1ef3 2018-2020<\/strong><\/span><\/h3>\n<table style=\"border: 0px solid black;\" cellspacing=\"30\">\n<thead>\n<tr>\n<th>\n<h5 style=\"text-align: center;\"><strong>Linh M\u1ee5c Ph\u1ee5 Tr\u00e1ch<br \/>\n<\/strong><\/h5>\n<p style=\"text-align: center;\">C\u00e1c LM D\u00f2ng Xi-t\u00f4<\/p>\n<h5 style=\"text-align: center;\"><strong>Ch\u1ee7 t\u1ecbch<\/strong><\/h5>\n<p style=\"text-align: center;\">Hu\u1ef3nh Ti\u1ebfn T\u00e0i<\/p>\n<h5 style=\"text-align: center;\"><strong>Ph\u00f3 ch\u1ee7 t\u1ecbch<\/strong><\/h5>\n<p style=\"text-align: center;\">Nguy\u1ec5n H\u1eefu Ngh\u0129a<\/p>\n<h5 style=\"text-align: center;\"><strong>Th\u01b0 k\u00fd<\/strong><\/h5>\n<p style=\"text-align: center;\">Ph\u1ea1m Qu\u1ed1c D\u0169ng<\/p>\n<\/th>\n<th>\n<h5 style=\"text-align: center;\"><strong>Th\u1ee7 qu\u1ef9 &amp; \u1ea8m Th\u1ef1c<br \/>\n<\/strong><\/h5>\n<p style=\"text-align: center;\">Ph\u1ea1m Th\u1ecb Hoa<\/p>\n<h5 style=\"text-align: center;\"><strong>Th\u00e1nh ca &amp; V\u0103n ngh\u1ec7<\/strong><\/h5>\n<p style=\"text-align: center;\">Tr\u1ea7n Ng\u1ecdc Kh\u00e1nh<\/p>\n<p style=\"text-align: center;\">Nguy\u1ec5n \u0110\u00ecnh V\u0103n Linh<\/p>\n<h5 style=\"text-align: center;\"><strong>Ph\u1ee5ng v\u1ee5<\/strong><\/h5>\n<p style=\"text-align: center;\">Pt. Francis Cung B\u1ec9nh Duy\u1ec7t<\/p>\n<p style=\"text-align: center;\">\n<\/th>\n<\/tr>\n<\/thead>\n<\/table>\n","protected":false},"excerpt":{"rendered":"<p>Nhi\u1ec7m K\u1ef3 2018-2020 Linh M\u1ee5c Ph\u1ee5 Tr\u00e1ch C\u00e1c LM D\u00f2ng Xi-t\u00f4 Ch\u1ee7 t\u1ecbch Hu\u1ef3nh Ti\u1ebfn T\u00e0i Ph\u00f3 ch\u1ee7 t\u1ecbch Nguy\u1ec5n H\u1eefu Ngh\u0129a Th\u01b0 k\u00fd Ph\u1ea1m Qu\u1ed1c D\u0169ng Th\u1ee7 qu\u1ef9 &amp; \u1ea8m Th\u1ef1c Ph\u1ea1m Th\u1ecb Hoa Th\u00e1nh ca &amp; V\u0103n ngh\u1ec7<\/p>\n","protected":false},"author":1,"featured_media":0,"parent":0,"menu_order":0,"comment_status":"closed","ping_status":"closed","template":"","meta":{"_et_pb_use_builder":"","_et_pb_old_content":"","_et_gb_content_width":"","footnotes":""},"class_list":["post-493","page","type-page","status-publish","hentry"],"_links":{"self":[{"href":"https:\/\/cath-vn.ch\/index.php?rest_route=\/wp\/v2\/pages\/493","targetHints":{"allow":["GET"]}}],"collection":[{"href":"https:\/\/cath-vn.ch\/index.php?rest_route=\/wp\/v2\/pages"}],"about":[{"href":"https:\/\/cath-vn.ch\/index.php?rest_route=\/wp\/v2\/types\/page"}],"author":[{"embeddable":true,"href":"https:\/\/cath-vn.ch\/index.php?rest_route=\/wp\/v2\/users\/1"}],"replies":[{"embeddable":true,"href":"https:\/\/cath-vn.ch\/index.php?rest_route=%2Fwp%2Fv2%2Fcomments&post=493"}],"version-history":[{"count":36,"href":"https:\/\/cath-vn.ch\/index.php?rest_route=\/wp\/v2\/pages\/493\/revisions"}],"predecessor-version":[{"id":2591,"href":"https:\/\/cath-vn.ch\/index.php?rest_route=\/wp\/v2\/pages\/493\/revisions\/2591"}],"wp:attachment":[{"href":"https:\/\/cath-vn.ch\/index.php?rest_route=%2Fwp%2Fv2%2Fmedia&parent=493"}],"curies":[{"name":"wp","href":"https:\/\/api.w.org\/{rel}","templated":true}]}}